{"id":121,"date":"2015-11-28T20:24:54","date_gmt":"2015-11-28T20:24:54","guid":{"rendered":"http:\/\/unterrichtstipps.com\/?page_id=121"},"modified":"2017-09-08T14:05:15","modified_gmt":"2017-09-08T14:05:15","slug":"links","status":"publish","type":"page","link":"http:\/\/unterrichtstipps.com\/?page_id=121","title":{"rendered":"Links"},"content":{"rendered":"<p>Interview mit Dr. Marion Ziesmer, Dozentin f\u00fcr Grundschulp\u00e4dagogik an der FU Berlin, rbb24, Panorama, 03.09.2017<\/p>\n<h3><span class=\"titletext\">&#8222;Es ist unsere Aufgabe, die Kinder gl\u00fccklicher zu machen&#8220;<\/span><\/h3>\n<p>Erziehung ist kein Kinderspiel. Viele haben Angst, dass aus ihren Kindern kleine Tyrannen und unsoziale Einzelk\u00e4mpfer werden. Was ist eigentlich das Problem? Marion Ziesmer, Erziehungswissenschaftlerin an der Berliner FU, sieht die Gesellschaft in der Pflicht.<\/p>\n<p>Weiterlesen&#8230;:<\/p>\n<p><span style=\"color: #0000ff;\"><a style=\"color: #0000ff;\" href=\"http:\/\/www.rbb24.de\/panorama\/thema\/2017\/kindererziehung\/beitraege\/interview-dozentin-fuer-grundschulpaedagogik-.html\" target=\"_blank\">http:\/\/www.rbb24.de\/panorama\/thema\/2017\/kindererziehung\/beitraege\/interview-dozentin-fuer-grundschulpaedagogik-.html<\/a><\/span><\/p>\n<p>___________________________________________________________________________________<\/p>\n<p>Von Wolfgang Prosinger, 03. M\u00e4rz 2016, 12:26 Uhr, Der Tagesspiegel Nr. 22688<\/p>\n<p class=\"ts-title\"><span class=\"ts-overline\">Fl\u00fcchtlinge in der Philharmonie<\/span><\/p>\n<h3 class=\"ts-title\"><span class=\"ts-headline\">Das kurioseste Konzert, das Berlin je erlebt hat.<\/span><\/h3>\n<p class=\"ts-intro\">In der Philharmonie spielen Berlins gro\u00dfe Orchester. Und im Publikum sitzen Menschen in Kapuzenpullis, krakeelende Kinder. Unser Autor hat das Willkommenskonzert gemeinsam mit Bilal, einem Fl\u00fcchtling aus Syrien, erlebt.<\/p>\n<p class=\"ts-intro\">Weiterlesen&#8230;:<\/p>\n<p><a href=\"http:\/\/www.tagesspiegel.de\/kultur\/fluechtlinge-in-der-philharmonie-das-kurioseste-konzert-das-berlin-je-erlebt-hat\/13044114.html\">http:\/\/www.tagesspiegel.de\/kultur\/fluechtlinge-in-der-philharmonie-das-kurioseste-konzert-das-berlin-je-erlebt-hat\/13044114.html<\/a><\/p>\n<p>___________________________________________________________________________________<\/p>\n<p>Von Julia Rudorf,\u00a0<time class=\"metadata__date encoded-date\" datetime=\"2015-12-10T04:17:08+01:00\" data-obfuscated=\"IDEwLiBEZXplbWJlciAyMDE1LCA0OjE3IFVocg==\">10. Dezember 2015, 4:17 Uhr,\u00a0<\/time><span class=\"metadata__source encoded-date\" data-obfuscated=\"RElFIFpFSVQgTnIuoDQ4LzIwMTUsIDI2LiBOb3ZlbWJlciAyMDE1\">DIE ZEIT Nr.\u00a048\/2015, 26. November 2015<\/span><\/p>\n<h3>Ein Sch\u00fclerversteher<\/h3>\n<p>Der Deutsche Lehrerpreis ehrt die besten P\u00e4dagogen. Aber wie wird man ein guter Lehrer?\u00a0Er also ist das Vorbild, das Ideal, einer der besten Lehrer Deutschlands. Und ihm f\u00e4llt nichts Besseres ein, als einen Vokabeltest zu schreiben? Morgens um acht, in Latein. &#8222;Zehn Minuten Zeit, ab jetzt!&#8220;, sagt Philipp Ostermann. Seine Neuntkl\u00e4ssler raufen sich die Haare, legen die Stirn in jugendliche Falten. &#8222;Die kennen mich. Pr\u00fcfungen geh\u00f6ren bei mir dazu.&#8220; Ostermann, 33 Jahre, ist Lehrer am Gymnasium Schillerschule in Hannover. Er unterrichtet Latein und Geschichte. Nicht als Entertainer, er ist kein Kumpeltyp, keiner, zu dem M\u00fctter in die Sprechstunde gehen, um zu flirten. Er ist einfach Lehrer.<\/p>\n<div class=\"summary\">\u00a0Weiterlesen&#8230;:<\/div>\n<pre class=\"summary\"><a href=\"http:\/\/www.zeit.de\/2015\/48\/lehrer-schule-unterricht-deutscher-lehrerpreis\">http:\/\/www.zeit.de\/2015\/48\/lehrer-schule-unterricht-deutscher-lehrerpreis<\/a>\r\n_________________________________________________________________________________________________<\/pre>\n<p>Literatur und Theater in der Krise, v<span class=\"hcf-author author\">on Hans-Dieter Gelfert, tagesspiegel.de,\u00a018.04.2015 11:44 Uhr<\/span><\/p>\n<h3><span class=\"hcf-headline\">Wenn Kultur M\u00fcll ist<\/span><\/h3>\n<p>Auf B\u00fchnen und in B\u00fcchern findet das Bildungsb\u00fcrgertum schon lange nicht mehr das, was es fr\u00fcher erwartete. Verhunzung ist zum Prinzip erhoben worden. \u00dcber die Krise der K\u00fcnste im Zeitalter von Events und Happenings. Ein Essay.<\/p>\n<div class=\"article__item\">\n<p>Weiterlesen&#8230;:<\/p>\n<pre>\u00a0<a href=\"http:\/\/www.tagesspiegel.de\/kultur\/literatur-und-theater-in-der-krise-wenn-kultur-muell-ist\/11648500.html\">http:\/\/www.tagesspiegel.de\/kultur\/literatur-und-theater-in-der-krise-wenn-kultur-muell-ist\/11648500.html<\/a><\/pre>\n<p>__________________________________________________________________________________<\/p>\n<p><time class=\"metadata__date encoded-date\" datetime=\"2015-03-29T08:47:29+02:00\" data-obfuscated=\"MjYuIE3kcnogMjAxNSwgMjo0NSBVaHIgPHNwYW4gY2xhc3M9Im1ldGFkYXRhX19zZXBlcmF0b3IiPiAvIDwvc3Bhbj4gRWRpdGllcnQgYW0gMjkuIE3kcnogMjAxNSwgODo0NyBVaHIg\">Interview von Jeannette Otto, 26. M\u00e4rz 2015, 2:45 Uhr <span class=\"metadata__seperator\">\/ <\/span>Editiert am 29. M\u00e4rz 2015, 8:47 Uhr <\/time><span class=\"metadata__source encoded-date\" data-obfuscated=\"RElFIFpFSVQgTnIuoDExLzIwMTUsIDEyLiBN5HJ6IDIwMTU=\">DIE ZEIT Nr.\u00a011\/2015, 12. M\u00e4rz 2015<\/span><\/p>\n<div class=\"article__item\">\n<h3 class=\"article-heading\"><span class=\"article-heading__title\">&#8222;So ziehen wir Rotzl\u00f6ffel heran&#8220;<\/span><\/h3>\n<p class=\"article-heading\">Der schwedische Psychiater und Buchautor David Eberhard sagt, eine liberale Erziehung schade Kindern und Eltern.\u00a0Jeannette Otto unterhielt sich mit ihm in Stockholm.<\/p>\n<\/div>\n<div class=\"article__item\">\n<div class=\"summary\"><em>DIE ZEIT:<\/em>\u00a0Wann waren Sie zum letzten Mal mit Ihren Kindern in einem Restaurant?<\/div>\n<div class=\"summary\"><em>DAVID EBERHARD:<\/em>\u00a0Das ist nicht so lange her. Warum fragen Sie?<\/div>\n<div class=\"summary\"><em>ZEIT:<\/em>\u00a0Weil die Wirte in Stockholm genug haben von Eltern mit Kindern, die sich nicht benehmen k\u00f6nnen. Ein Lokal hat Familien den Zutritt nun sogar verboten. Und das im kinderfreundlichen Schweden.<\/div>\n<div class=\"summary\"><em>EBERHARD:<\/em>\u00a0Ich kann das gut verstehen. Es gibt immer Kinder, die schreien, Getr\u00e4nke versch\u00fctten, durch die R\u00e4ume rennen oder bei minus f\u00fcnf Grad die T\u00fcr aufrei\u00dfen. Die Eltern sitzen daneben und denken nicht daran, einzugreifen.<\/div>\n<\/div>\n<p>Weiterlesen&#8230;:<\/p>\n<pre><a href=\"http:\/\/www.zeit.de\/2015\/11\/erziehung-liberal-autoritaer-david-eberhard\">http:\/\/www.zeit.de\/2015\/11\/erziehung-liberal-autoritaer-david-eberhard<\/a><\/pre>\n<p>_________________________________________________________________________________<\/p>\n<\/div>\n<p>Ausschnitt aus dem Gastbeitrag von Wolfgang Harnischfeger, tagesspiegel.de, 06.01.2013<\/p>\n<h3>&#8222;<span class=\"hcf-headline\">F\u00fcr Lehrer wird zu wenig getan.&#8220;<\/span><\/h3>\n<p>&#8230;Guter Unterricht kann sich jedoch niemals auf die Material- und Bildauswahl beschr\u00e4nken, denn im Umgang mit Kindern ist immer die ganze Person gefordert. Keine Erziehung ohne Beziehung. Kinder und Jugendliche lernen f\u00fcr den Lehrer oder die Lehrerin, was bis in die Abiturklasse hinein gilt. F\u00fcr die Lehrkraft bedeutet dies, dass sie in jeder Stunde ihren Anteil an dieser personalen Interaktion einbringen muss, dass sie demzufolge immer als ganze Person gefordert ist und sich zu keiner Zeit aus dem Geschehen ziehen kann. Hier liegt ein weiterer zentraler Unterschied zu anderen Berufen. Ein Busfahrer muss in das Busfahren nicht sein Seelenleben einbringen, und die Schrippen gelingen dem B\u00e4cker auch, wenn er Stress mit seiner Frau hat. Kinder sp\u00fcren sofort, wenn die Lehrkraft geistig nicht in vollem Umfang anwesend ist, das gilt acht Stunden am Tag und f\u00fcnf Tage die Woche. Diese geistig-seelische Spannkraft aufzubringen, f\u00e4llt vielen Lehrkr\u00e4ften, vor allem mit zunehmendem Alter, immer schwerer&#8230;<\/p>\n<p>Weiterlesen&#8230;:<\/p>\n<pre><a href=\"http:\/\/www.tagesspiegel.de\/meinung\/gastbeitrag-fuer-lehrer-wird-zu-wenig-getan\/7592128.html\">http:\/\/www.tagesspiegel.de\/meinung\/gastbeitrag-fuer-lehrer-wird-zu-wenig-getan\/7592128.html<\/a><\/pre>\n<p>___________________________________________________________________________________<\/p>\n<p>&nbsp;<\/p>\n<h3>Eine Schule, an der es sich gut unterrichten l\u00e4sst!<\/h3>\n<div class=\"article__item\">\n<pre><a href=\"http:\/\/www.qm-flughafenstrasse.de\/index.php?id=301\">http:\/\/www.qm-flughafenstrasse.de\/index.php?id=301<\/a><\/pre>\n<\/div>\n","protected":false},"excerpt":{"rendered":"<p>Interview mit Dr. Marion Ziesmer, Dozentin f\u00fcr Grundschulp\u00e4dagogik an der FU Berlin, rbb24, Panorama, 03.09.2017 &#8222;Es ist unsere Aufgabe, die Kinder gl\u00fccklicher zu machen&#8220; Erziehung ist kein Kinderspiel. Viele haben Angst, dass aus ihren&#8230;<\/p>\n<div class=\"more-link-wrapper\"><a class=\"more-link\" href=\"http:\/\/unterrichtstipps.com\/?page_id=121\">Weiterlesen<span class=\"screen-reader-text\">Links<\/span><\/a><\/div>\n","protected":false},"author":1,"featured_media":0,"parent":0,"menu_order":0,"comment_status":"closed","ping_status":"closed","template":"","meta":[],"_links":{"self":[{"href":"http:\/\/unterrichtstipps.com\/index.php?rest_route=\/wp\/v2\/pages\/121"}],"collection":[{"href":"http:\/\/unterrichtstipps.com\/index.php?rest_route=\/wp\/v2\/pages"}],"about":[{"href":"http:\/\/unterrichtstipps.com\/index.php?rest_route=\/wp\/v2\/types\/page"}],"author":[{"embeddable":true,"href":"http:\/\/unterrichtstipps.com\/index.php?rest_route=\/wp\/v2\/users\/1"}],"replies":[{"embeddable":true,"href":"http:\/\/unterrichtstipps.com\/index.php?rest_route=%2Fwp%2Fv2%2Fcomments&post=121"}],"version-history":[{"count":17,"href":"http:\/\/unterrichtstipps.com\/index.php?rest_route=\/wp\/v2\/pages\/121\/revisions"}],"predecessor-version":[{"id":243,"href":"http:\/\/unterrichtstipps.com\/index.php?rest_route=\/wp\/v2\/pages\/121\/revisions\/243"}],"wp:attachment":[{"href":"http:\/\/unterrichtstipps.com\/index.php?rest_route=%2Fwp%2Fv2%2Fmedia&parent=121"}],"curies":[{"name":"wp","href":"https:\/\/api.w.org\/{rel}","templated":true}]}}